{"id":4088,"date":"2025-12-30T07:12:41","date_gmt":"2025-12-30T07:12:41","guid":{"rendered":"https:\/\/casino-withdrawal.com\/?page_id=4520"},"modified":"2026-02-26T07:51:07","modified_gmt":"2026-02-26T07:51:07","slug":"bingo","status":"publish","type":"page","link":"https:\/\/casino-withdrawal.com\/de\/bingo\/","title":{"rendered":"Fast Withdrawal Bingo Casinos"},"content":{"rendered":"","protected":false},"excerpt":{"rendered":"","protected":false},"author":2,"featured_media":0,"parent":0,"menu_order":0,"comment_status":"closed","ping_status":"closed","template":"","meta":{"_acf_changed":false,"footnotes":""},"class_list":["post-4088","page","type-page","status-publish","hentry"],"acf":[],"yoast_head":"<!-- This site is optimized with the Yoast SEO plugin v25.3.1 - https:\/\/yoast.com\/wordpress\/plugins\/seo\/ -->\n<title>Schnelle Auszahlungen bei Bingo Casinos \u2013 Regeln und Zahlungen<\/title>\n<meta name=\"description\" content=\"\u00dcberblick \u00fcber Bingo-Casinos mit schnellen Auszahlungen, einschlie\u00dflich Auszahlungsregeln, Sicherheit, Verifizierung und Auszahlungsmethoden.\" \/>\n<meta name=\"robots\" content=\"index, follow, max-snippet:-1, max-image-preview:large, max-video-preview:-1\" \/>\n<link rel=\"canonical\" href=\"https:\/\/casino-withdrawal.com\/de\/bingo\/\" \/>\n<meta property=\"og:locale\" content=\"de_DE\" \/>\n<meta property=\"og:type\" content=\"article\" \/>\n<meta property=\"og:title\" content=\"Schnelle Auszahlungen bei Bingo Casinos \u2013 Regeln und Zahlungen\" \/>\n<meta property=\"og:description\" content=\"\u00dcberblick \u00fcber Bingo-Casinos mit schnellen Auszahlungen, einschlie\u00dflich Auszahlungsregeln, Sicherheit, Verifizierung und Auszahlungsmethoden.\" \/>\n<meta property=\"og:url\" content=\"https:\/\/casino-withdrawal.com\/de\/bingo\/\" \/>\n<meta property=\"og:site_name\" content=\"Schnelle Auszahlungen in Casinos 2025 \u2013 Methoden und Limits\" \/>\n<meta property=\"article:modified_time\" content=\"2026-02-26T07:51:07+00:00\" \/>\n<meta name=\"twitter:card\" content=\"summary_large_image\" \/>\n<!-- \/ Yoast SEO plugin. -->","yoast_head_json":{"title":"Schnelle Auszahlungen bei Bingo Casinos \u2013 Regeln und Zahlungen","description":"\u00dcberblick \u00fcber Bingo-Casinos mit schnellen Auszahlungen, einschlie\u00dflich Auszahlungsregeln, Sicherheit, Verifizierung und Auszahlungsmethoden.","robots":{"index":"index","follow":"follow","max-snippet":"max-snippet:-1","max-image-preview":"max-image-preview:large","max-video-preview":"max-video-preview:-1"},"canonical":"https:\/\/casino-withdrawal.com\/de\/bingo\/","og_locale":"de_DE","og_type":"article","og_title":"Schnelle Auszahlungen bei Bingo Casinos \u2013 Regeln und Zahlungen","og_description":"\u00dcberblick \u00fcber Bingo-Casinos mit schnellen Auszahlungen, einschlie\u00dflich Auszahlungsregeln, Sicherheit, Verifizierung und Auszahlungsmethoden.","og_url":"https:\/\/casino-withdrawal.com\/de\/bingo\/","og_site_name":"Schnelle Auszahlungen in Casinos 2025 \u2013 Methoden und Limits","article_modified_time":"2026-02-26T07:51:07+00:00","twitter_card":"summary_large_image","schema":{"@context":"https:\/\/schema.org","@graph":[{"@type":"WebPage","@id":"https:\/\/casino-withdrawal.com\/de\/bingo\/","url":"https:\/\/casino-withdrawal.com\/de\/bingo\/","name":"Schnelle Auszahlungen bei Bingo Casinos \u2013 Regeln und Zahlungen","isPartOf":{"@id":"https:\/\/casino-withdrawal.com\/de\/#website"},"datePublished":"2025-12-30T07:12:41+00:00","dateModified":"2026-02-26T07:51:07+00:00","description":"\u00dcberblick \u00fcber Bingo-Casinos mit schnellen Auszahlungen, einschlie\u00dflich Auszahlungsregeln, Sicherheit, Verifizierung und Auszahlungsmethoden.","breadcrumb":{"@id":"https:\/\/casino-withdrawal.com\/de\/bingo\/#breadcrumb"},"inLanguage":"de","potentialAction":[{"@type":"ReadAction","target":["https:\/\/casino-withdrawal.com\/de\/bingo\/"]}]},{"@type":"BreadcrumbList","@id":"https:\/\/casino-withdrawal.com\/de\/bingo\/#breadcrumb","itemListElement":[{"@type":"ListItem","position":1,"name":"Home","item":"https:\/\/casino-withdrawal.com\/de\/"},{"@type":"ListItem","position":2,"name":"Fast Withdrawal Bingo Casinos"}]},{"@type":"WebSite","@id":"https:\/\/casino-withdrawal.com\/de\/#website","url":"https:\/\/casino-withdrawal.com\/de\/","name":"Schnelle Auszahlungen in Casinos 2025 \u2013 Methoden und Limits","description":"Entdecken Sie Casinos mit schnellen Auszahlungen, verifizierten Auszahlungszeiten, unterst\u00fctzten Zahlungsmethoden und Bearbeitungslimits.","potentialAction":[{"@type":"SearchAction","target":{"@type":"EntryPoint","urlTemplate":"https:\/\/casino-withdrawal.com\/de\/?s={search_term_string}"},"query-input":{"@type":"PropertyValueSpecification","valueRequired":true,"valueName":"search_term_string"}}],"inLanguage":"de"}]}},"_links":{"self":[{"href":"https:\/\/casino-withdrawal.com\/de\/wp-json\/wp\/v2\/pages\/4088","targetHints":{"allow":["GET"]}}],"collection":[{"href":"https:\/\/casino-withdrawal.com\/de\/wp-json\/wp\/v2\/pages"}],"about":[{"href":"https:\/\/casino-withdrawal.com\/de\/wp-json\/wp\/v2\/types\/page"}],"author":[{"embeddable":true,"href":"https:\/\/casino-withdrawal.com\/de\/wp-json\/wp\/v2\/users\/2"}],"replies":[{"embeddable":true,"href":"https:\/\/casino-withdrawal.com\/de\/wp-json\/wp\/v2\/comments?post=4088"}],"version-history":[{"count":2,"href":"https:\/\/casino-withdrawal.com\/de\/wp-json\/wp\/v2\/pages\/4088\/revisions"}],"predecessor-version":[{"id":4090,"href":"https:\/\/casino-withdrawal.com\/de\/wp-json\/wp\/v2\/pages\/4088\/revisions\/4090"}],"wp:attachment":[{"href":"https:\/\/casino-withdrawal.com\/de\/wp-json\/wp\/v2\/media?parent=4088"}],"curies":[{"name":"wp","href":"https:\/\/api.w.org\/{rel}","templated":true}]}}