{"id":2609,"date":"2025-08-05T07:45:43","date_gmt":"2025-08-05T07:45:43","guid":{"rendered":"https:\/\/casino-withdrawal.com\/?page_id=3258"},"modified":"2025-08-05T11:03:27","modified_gmt":"2025-08-05T11:03:27","slug":"casinos-mit-schneller-auszahlung-in-oesterreich","status":"publish","type":"page","link":"https:\/\/casino-withdrawal.com\/de\/casinos-mit-schneller-auszahlung-in-oesterreich\/","title":{"rendered":"Fast Withdrawal Casinos in Austria"},"content":{"rendered":"","protected":false},"excerpt":{"rendered":"","protected":false},"author":2,"featured_media":0,"parent":0,"menu_order":0,"comment_status":"closed","ping_status":"closed","template":"","meta":{"_acf_changed":false,"footnotes":""},"class_list":["post-2609","page","type-page","status-publish","hentry"],"acf":[],"yoast_head":"<!-- This site is optimized with the Yoast SEO plugin v27.4 - https:\/\/yoast.com\/product\/yoast-seo-wordpress\/ -->\n<title>Zuverl\u00e4ssige schnellauszahlende Casinos in \u00d6sterreich 2026<\/title>\n<meta name=\"description\" content=\"Schnellauszahlende Casinos in \u00d6sterreich mit sicheren Zahlungen, verl\u00e4sslichen Bearbeitungszeiten und schnellen Auszahlungen.\" \/>\n<meta name=\"robots\" content=\"index, follow, max-snippet:-1, max-image-preview:large, max-video-preview:-1\" \/>\n<link rel=\"canonical\" href=\"https:\/\/casino-withdrawal.com\/de\/casinos-mit-schneller-auszahlung-in-oesterreich\/\" \/>\n<meta property=\"og:locale\" content=\"de_DE\" \/>\n<meta property=\"og:type\" content=\"article\" \/>\n<meta property=\"og:title\" content=\"Zuverl\u00e4ssige schnellauszahlende Casinos in \u00d6sterreich 2026\" \/>\n<meta property=\"og:description\" content=\"Schnellauszahlende Casinos in \u00d6sterreich mit sicheren Zahlungen, verl\u00e4sslichen Bearbeitungszeiten und schnellen Auszahlungen.\" \/>\n<meta property=\"og:url\" content=\"https:\/\/casino-withdrawal.com\/de\/casinos-mit-schneller-auszahlung-in-oesterreich\/\" \/>\n<meta property=\"og:site_name\" content=\"Schnelle Auszahlungen in Casinos 2025 \u2013 Methoden und Limits\" \/>\n<meta property=\"article:modified_time\" content=\"2025-08-05T11:03:27+00:00\" \/>\n<meta name=\"twitter:card\" content=\"summary_large_image\" \/>\n<!-- \/ Yoast SEO plugin. -->","yoast_head_json":{"title":"Zuverl\u00e4ssige schnellauszahlende Casinos in \u00d6sterreich 2026","description":"Schnellauszahlende Casinos in \u00d6sterreich mit sicheren Zahlungen, verl\u00e4sslichen Bearbeitungszeiten und schnellen Auszahlungen.","robots":{"index":"index","follow":"follow","max-snippet":"max-snippet:-1","max-image-preview":"max-image-preview:large","max-video-preview":"max-video-preview:-1"},"canonical":"https:\/\/casino-withdrawal.com\/de\/casinos-mit-schneller-auszahlung-in-oesterreich\/","og_locale":"de_DE","og_type":"article","og_title":"Zuverl\u00e4ssige schnellauszahlende Casinos in \u00d6sterreich 2026","og_description":"Schnellauszahlende Casinos in \u00d6sterreich mit sicheren Zahlungen, verl\u00e4sslichen Bearbeitungszeiten und schnellen Auszahlungen.","og_url":"https:\/\/casino-withdrawal.com\/de\/casinos-mit-schneller-auszahlung-in-oesterreich\/","og_site_name":"Schnelle Auszahlungen in Casinos 2025 \u2013 Methoden und Limits","article_modified_time":"2025-08-05T11:03:27+00:00","twitter_card":"summary_large_image","schema":{"@context":"https:\/\/schema.org","@graph":[{"@type":"WebPage","@id":"https:\/\/casino-withdrawal.com\/de\/casinos-mit-schneller-auszahlung-in-oesterreich\/","url":"https:\/\/casino-withdrawal.com\/de\/casinos-mit-schneller-auszahlung-in-oesterreich\/","name":"Zuverl\u00e4ssige schnellauszahlende Casinos in \u00d6sterreich 2026","isPartOf":{"@id":"https:\/\/casino-withdrawal.com\/de\/#website"},"datePublished":"2025-08-05T07:45:43+00:00","dateModified":"2025-08-05T11:03:27+00:00","description":"Schnellauszahlende Casinos in \u00d6sterreich mit sicheren Zahlungen, verl\u00e4sslichen Bearbeitungszeiten und schnellen Auszahlungen.","breadcrumb":{"@id":"https:\/\/casino-withdrawal.com\/de\/casinos-mit-schneller-auszahlung-in-oesterreich\/#breadcrumb"},"inLanguage":"de","potentialAction":[{"@type":"ReadAction","target":["https:\/\/casino-withdrawal.com\/de\/casinos-mit-schneller-auszahlung-in-oesterreich\/"]}]},{"@type":"BreadcrumbList","@id":"https:\/\/casino-withdrawal.com\/de\/casinos-mit-schneller-auszahlung-in-oesterreich\/#breadcrumb","itemListElement":[{"@type":"ListItem","position":1,"name":"Home","item":"https:\/\/casino-withdrawal.com\/de\/"},{"@type":"ListItem","position":2,"name":"Fast Withdrawal Casinos in Austria"}]},{"@type":"WebSite","@id":"https:\/\/casino-withdrawal.com\/de\/#website","url":"https:\/\/casino-withdrawal.com\/de\/","name":"Schnelle Auszahlungen in Casinos 2025 \u2013 Methoden und Limits","description":"Entdecken Sie Casinos mit schnellen Auszahlungen, verifizierten Auszahlungszeiten, unterst\u00fctzten Zahlungsmethoden und Bearbeitungslimits.","potentialAction":[{"@type":"SearchAction","target":{"@type":"EntryPoint","urlTemplate":"https:\/\/casino-withdrawal.com\/de\/?s={search_term_string}"},"query-input":{"@type":"PropertyValueSpecification","valueRequired":true,"valueName":"search_term_string"}}],"inLanguage":"de"}]}},"_links":{"self":[{"href":"https:\/\/casino-withdrawal.com\/de\/wp-json\/wp\/v2\/pages\/2609","targetHints":{"allow":["GET"]}}],"collection":[{"href":"https:\/\/casino-withdrawal.com\/de\/wp-json\/wp\/v2\/pages"}],"about":[{"href":"https:\/\/casino-withdrawal.com\/de\/wp-json\/wp\/v2\/types\/page"}],"author":[{"embeddable":true,"href":"https:\/\/casino-withdrawal.com\/de\/wp-json\/wp\/v2\/users\/2"}],"replies":[{"embeddable":true,"href":"https:\/\/casino-withdrawal.com\/de\/wp-json\/wp\/v2\/comments?post=2609"}],"version-history":[{"count":2,"href":"https:\/\/casino-withdrawal.com\/de\/wp-json\/wp\/v2\/pages\/2609\/revisions"}],"predecessor-version":[{"id":2612,"href":"https:\/\/casino-withdrawal.com\/de\/wp-json\/wp\/v2\/pages\/2609\/revisions\/2612"}],"wp:attachment":[{"href":"https:\/\/casino-withdrawal.com\/de\/wp-json\/wp\/v2\/media?parent=2609"}],"curies":[{"name":"wp","href":"https:\/\/api.w.org\/{rel}","templated":true}]}}